{"id":1261,"date":"2023-11-07T10:29:14","date_gmt":"2023-11-07T09:29:14","guid":{"rendered":"https:\/\/www.badegi.eus\/?page_id=1261"},"modified":"2023-12-12T09:42:43","modified_gmt":"2023-12-12T08:42:43","slug":"emprendizaje","status":"publish","type":"page","link":"https:\/\/www.badegi.eus\/es\/emprendizaje\/","title":{"rendered":"Emprendizaje"},"content":{"rendered":"\n<h1>\n\t\tEmprendizaje\n\t<\/h1>\n<h2>\n\t\tEl viaje hacia el negocio de tus sue\u00f1os\n\t<\/h2>\n\t<p><strong>Badegi Asesores y sus trabajadoras estamos homologadas por la Diputaci\u00f3n Foral de Gipuzkoa<\/strong> para atender los\u00a0 programas subvencionados de emprendizaje Emekin y Txekin. Lo que certifica nuestra experiencia en el <b>asesoramiento y acompa\u00f1amiento de m\u00faltiples proyectos de creaci\u00f3n de empresas.<\/b> Ambos programas est\u00e1n cofinanciados en un 50% por el Fondo Social Europeo (FSE), lo que demuestra su compromiso con el \u00e9xito de los emprendedores en Gipuzkoa.<\/p>\n\t\t\t\t<a href=\"https:\/\/www.gipuzkoa.eus\/es\/web\/ekintzailea\/emekin\" target=\"_blank\" rel=\"noopener\" itemprop=\"url\">\n\t\t\t\t<img decoding=\"async\" src=\"https:\/\/www.badegi.eus\/wp-content\/uploads\/2023\/11\/logo-emekin-1.jpg\" alt=\"\" itemprop=\"image\" onerror=\"this.style.display='none'\"  \/>\n\t\t\t\t<\/a>\n\t<p>EMEKIN es un programa especialmente dise\u00f1ado para mujeres emprendedoras que tienen una idea de negocio. Su objetivo es fomentar la creaci\u00f3n de empleo en Gipuzkoa, brindando apoyo a proyectos empresariales liderados por mujeres.<\/p>\n<p><strong>Si eres una mujer con una visi\u00f3n empresarial,<\/strong> EMEKIN est\u00e1 aqu\u00ed para ti. Este programa te proporcionar\u00e1 el asesoramiento y la orientaci\u00f3n que necesitas para convertir tu idea en una empresa exitosa.<\/p>\n\t\t\t\t<a href=\"https:\/\/www.gipuzkoa.eus\/es\/web\/ekonomia\/programas-y-ayudas\/emprendizaje\/txekin\" target=\"_blank\" rel=\"noopener\" itemprop=\"url\">\n\t\t\t\t<img decoding=\"async\" src=\"https:\/\/www.badegi.eus\/wp-content\/uploads\/2023\/11\/logo-txekin-2.jpg\" alt=\"\" itemprop=\"image\" onerror=\"this.style.display='none'\"  \/>\n\t\t\t\t<\/a>\n\t<p>El programa TXEKIN se centra en el acompa\u00f1amiento al desarrollo de nuevas ideas de negocio. Est\u00e1 dise\u00f1ado para ayudar a las personas emprendedoras a definir y concretar sus proyectos empresariales.<\/p>\n<p>TXEKIN ofrece <strong>asesoramiento experto para analizar la viabilidad de tu idea, identificar riesgos<\/strong> y crear un PLAN DE VIABILIDAD\/NEGOCIO s\u00f3lido. Este plan te ayudar\u00e1 en la b\u00fasqueda de financiaci\u00f3n para hacer realidad el sue\u00f1o de crear tu propia empresa.<\/p>\n\t\t\t\t<img loading=\"lazy\" decoding=\"async\" src=\"https:\/\/www.badegi.eus\/wp-content\/uploads\/2017\/05\/jone-odriozola.jpg\" alt=\"jone-odriozola\" itemprop=\"image\" height=\"400\" width=\"400\" title=\"jone-odriozola\" onerror=\"this.style.display='none'\"  \/>\n<h3>\n\t\tJone Odriozola Mara\u00f1\u00f3n\n\t<\/h3>\n<h4>\n\t\t<a href=\"https:\/\/www.instagram.com\/salutemyoga\" title=\"Instructora de Yoga\" target=\"_self\" rel=\"noopener\">\n\t\tInstructora de Yoga\n\t\t<\/a>\n\t<\/h4>\n\t<blockquote><p>Este primer a\u00f1o como emprendedora, Badegi me ha ense\u00f1ado mucho. Adem\u00e1s de llevar las cuentas de empresa me ha ense\u00f1ado a organizarlas y controlarlas para que en el futuro sea totalmente aut\u00f3noma. Siempre con mucha disposici\u00f3n y gran amabilidad han contestado a mis dudas y me han sabido guiar. Gracias. Les recomiendo totalmente.<\/p><\/blockquote>\n\t\t\t\t<img loading=\"lazy\" decoding=\"async\" src=\"https:\/\/www.badegi.eus\/wp-content\/uploads\/2017\/05\/aia-pena.jpg\" alt=\"aia-pena\" itemprop=\"image\" height=\"400\" width=\"400\" title=\"aia-pena\" onerror=\"this.style.display='none'\"  \/>\n<h3>\n\t\tAia de la Pe\u00f1a Posse\n\t<\/h3>\n<h4>\n\t\t<a href=\"https:\/\/aiapsicologia.com\/\" title=\"Psic\u00f3loga\" target=\"_self\" rel=\"noopener\">\n\t\tPsic\u00f3loga\n\t\t<\/a>\n\t<\/h4>\n\t<blockquote><p>Un equipo maravilloso, profesional y cercano. Me han acompa\u00f1ado en cada paso que he dado en mi proyecto como psic\u00f3loga aport\u00e1ndome claridad, confianza y seguridad.\u00a0Me siento infinitamente agradecida y hoy en d\u00eda siguen siendo un apoyo importante en mi trabajo. Mila esker bihotzez!<\/p><\/blockquote>\n\t\t\t\t<img loading=\"lazy\" decoding=\"async\" src=\"https:\/\/www.badegi.eus\/wp-content\/uploads\/2017\/05\/micheel-munoz.jpg\" alt=\"micheel-munoz\" itemprop=\"image\" height=\"400\" width=\"400\" title=\"micheel-munoz\" onerror=\"this.style.display='none'\"  \/>\n<h3>\n\t\tMicheel Mu\u00f1oz Estay\n\t<\/h3>\n<h4>\n\t\t<a href=\"https:\/\/www.shiatsuenarmonia.com\/\" title=\"Profesora Chikung\" target=\"_self\" rel=\"noopener\">\n\t\tProfesora Chikung\n\t\t<\/a>\n\t<\/h4>\n\t<blockquote><p>Para m\u00ed el acompa\u00f1amiento de Badegi a trav\u00e9s del programa Emekin ha sido un apoyo indispensable a la hora de poner en marcha mi proyecto como aut\u00f3noma. Muchas gracias por vuestro asesoramiento y cercan\u00eda.<\/p><\/blockquote>\n\t<p>En Badegi Asesores, creemos que cada emprendedor\/a merece la oportunidad de convertir sus sue\u00f1os en realidad. Nuestro servicio de \u00abEmprendimiento\u00bb est\u00e1 dise\u00f1ado espec\u00edficamente para <strong>apoyarte en cada paso de tu viaje empresarial.<\/strong> Ya sea que est\u00e9s comenzando una nueva empresa o buscando impulsar tu negocio existente, nuestro equipo de expertos\/as te guiar\u00e1 con conocimientos y experiencia, en todas o cualquiera de estas \u00e1reas.<\/p>\n<h4>\n\t\tAsegura tu futuro\n\t<\/h4>\n<h2>\n\t\tPlan de viabilidad empresarial\n\t<\/h2>\n\t<p>\u00bfTienes una idea de negocio pero no est\u00e1s seguro\/a de su viabilidad? Nuestros\/as expertos\/as te ayudar\u00e1n a evaluar y desarrollar un plan s\u00f3lido para tu proyecto.<\/p>\n<h4>\n\t\tControla el proceso\n\t<\/h4>\n<h2>\n\t\tFormaci\u00f3n y tutorizaci\u00f3n\n\t<\/h2>\n\t<p>Aprende de los y las mejores con nuestra formaci\u00f3n-tutorizaci\u00f3n personalizada. Obt\u00e9n las habilidades y el conocimiento necesarios para tomar decisiones estrat\u00e9gicas.<\/p>\n<h4>\n\t\tSeguimiento estrat\u00e9gico\n\t<\/h4>\n<h2>\n\t\tAsesoramiento integral\n\t<\/h2>\n\t<p>Desde cuestiones contables y fiscales hasta organizacionales, estamos aqu\u00ed para ofrecerte la orientaci\u00f3n en todas las \u00e1reas cr\u00edticas de tu negocio.<\/p>\n<h4>\n\t\tFinancia tu proyecto\n\t<\/h4>\n<h2>\n\t\tSubvenciones y ayudas\n\t<\/h2>\n\t<p>No dejes que los obst\u00e1culos financieros te detengan. Te ayudaremos a identificar y solicitar las subvenciones y ayudas disponibles para tu nueva empresa.<\/p>\n<hr class=\"wm-divider type-line\" \/><h2>\n\t\tNuestro compromiso\n\t<\/h2>\n\t<h3>Trabajar codo a codo para hacer tu idea de negocio realidad. Darte el apoyo y la orientaci\u00f3n necesaria en cada etapa de tu emprendimiento, para ser tu\u00a0socio de confianza.<\/h3>\n<p>Apoyar y fomentar el esp\u00edritu emprendedor en Gipuzkoa para lo que contamos con un itinerario integral que busca impulsar los proyectos empresariales y nuevas ideas de negocio en el Territorio Hist\u00f3rico de Gipuzkoa.<\/p>\n<p><strong>FORMACI\u00d3N<\/strong> + <strong>PROYECTO<\/strong> + <strong>ASESOR\u00cdA<\/strong><\/p>\n\n","protected":false},"excerpt":{"rendered":"<div class=\"entry-summary\">\n<div class=\"entry-summary\">\nEmprendizaje El viaje hacia el negocio de tus sue\u00f1os Badegi Asesores y sus trabajadoras estamos homologadas por la Diputaci\u00f3n Foral de Gipuzkoa para atender los\u00a0 programas subvencionados de emprendizaje Emekin y Txekin. Lo que certifica nuestra experiencia en el asesoramiento&hellip;\n<\/div>\n<div class=\"link-more\"><a href=\"https:\/\/www.badegi.eus\/es\/emprendizaje\/\" class=\"more-link\">Continue reading<span class=\"screen-reader-text\"> &ldquo;Emprendizaje&rdquo;<\/span>&hellip;<\/a><\/div>\n<\/div>\n<div class=\"link-more\"><a href=\"https:\/\/www.badegi.eus\/es\/emprendizaje\/\" class=\"more-link\">Continue reading<span class=\"screen-reader-text\"> &ldquo;Emprendizaje&rdquo;<\/span>&hellip;<\/a><\/div>\n","protected":false},"author":1,"featured_media":0,"parent":0,"menu_order":0,"comment_status":"closed","ping_status":"closed","template":"templates\/child-pages.php","meta":{"footnotes":""},"class_list":["post-1261","page","type-page","status-publish","hentry","entry"],"acf":[],"_links":{"self":[{"href":"https:\/\/www.badegi.eus\/es\/wp-json\/wp\/v2\/pages\/1261","targetHints":{"allow":["GET"]}}],"collection":[{"href":"https:\/\/www.badegi.eus\/es\/wp-json\/wp\/v2\/pages"}],"about":[{"href":"https:\/\/www.badegi.eus\/es\/wp-json\/wp\/v2\/types\/page"}],"author":[{"embeddable":true,"href":"https:\/\/www.badegi.eus\/es\/wp-json\/wp\/v2\/users\/1"}],"replies":[{"embeddable":true,"href":"https:\/\/www.badegi.eus\/es\/wp-json\/wp\/v2\/comments?post=1261"}],"version-history":[{"count":0,"href":"https:\/\/www.badegi.eus\/es\/wp-json\/wp\/v2\/pages\/1261\/revisions"}],"wp:attachment":[{"href":"https:\/\/www.badegi.eus\/es\/wp-json\/wp\/v2\/media?parent=1261"}],"curies":[{"name":"wp","href":"https:\/\/api.w.org\/{rel}","templated":true}]}}