{"id":1323,"date":"2023-11-08T08:50:22","date_gmt":"2023-11-08T07:50:22","guid":{"rendered":"https:\/\/www.badegi.eus\/?page_id=1323"},"modified":"2023-12-12T09:52:10","modified_gmt":"2023-12-12T08:52:10","slug":"mercantil","status":"publish","type":"page","link":"https:\/\/www.badegi.eus\/es\/mercantil\/","title":{"rendered":"Mercantil"},"content":{"rendered":"\n<h1>\n\t\tMercantil\n\t<\/h1>\n<h2>\n\t\tGesti\u00f3n eficiente de la empresa\n\t<\/h2>\n\t<p>Entendemos que <strong>la gesti\u00f3n de una empresa abarca mucho m\u00e1s que cumplir con las obligaciones contables y administrativas de un negocio.<\/strong> Por eso, nuestro servicio Mercantil est\u00e1 dise\u00f1ado para acompa\u00f1arte en cada fase de tu negocio. Tu asesor\/a aporta un valor a\u00f1adido a la profesi\u00f3n interpretando y analizando los datos para ayudar a la toma de decisiones para enfrentarse a cada desaf\u00edo que se presente en el camino de sociedades &#8211; personas jur\u00eddicas, aut\u00f3nomos &#8211; personas f\u00edsicas y asociaciones.<\/p>\n<h4>\n\t\tDe principio a fin\n\t<\/h4>\n<h2>\n\t\tConstituci\u00f3n, Modificaci\u00f3n y Liquidaci\u00f3n de Empresas\n\t<\/h2>\n\t<p>Desde el inicio hasta el fin de un negocio. Ofrecemos apoyo en todos los aspectos legales y administrativos, ya sea que est\u00e9s constituyendo una nueva empresa, realizando modificaciones, valoraciones o enfrent\u00e1ndote  a la liquidaci\u00f3n de un negocio ya existente.<\/p>\n<h4>\n\t\tRegistros precisos\n\t<\/h4>\n<h2>\n\t\tContabilidad y An\u00e1lisis Contable\n\t<\/h2>\n\t<p>Mantener registros precisos es esencial para tomar decisiones informadas. Nos encargamos de la gesti\u00f3n contable para proporcionarte un an\u00e1lisis contable detallado para ayudarte a entender la salud financiera de tu empresa de forma constante.<\/p>\n<h4>\n\t\tCumple la legislaci\u00f3n\n\t<\/h4>\n<h2>\n\t\tConsultor\u00eda en Gesti\u00f3n Estrat\u00e9gica\n\t<\/h2>\n\t<p>No solo te ayudamos a cumplir con las regulaciones y normativas, sino que tambi\u00e9n te asesoraremos en la toma de decisiones estrat\u00e9gicas. Trabajaremos contigo para desarrollar estrategias que impulsen el crecimiento de tu negocio.<\/p>\n<h4>\n\t\tSimplifica los tr\u00e1mites\n\t<\/h4>\n<h2>\n\t\tTr\u00e1mites ante el Registro Mercantil\n\t<\/h2>\n\t<p>Simplificamos todos los procesos legales y administrativos relacionados con el Registro Mercantil para que puedas centrarte en dirigir tu negocio.<\/p>\n<hr class=\"wm-divider type-line\" \/><h2>\n\t\tNuestro compromiso\n\t<\/h2>\n\t<h3>No solo ofrecemos servicios. Aportamos el valor a\u00f1adido necesario para ayudarte a tomar decisiones informadas para alcanzar tus objetivos empresariales.<\/h3>\n<p>Nuestra experiencia multidisciplinar en asesor\u00eda fiscal, mercantil, contable y laboral nos permite dar un enfoque integral a la gesti\u00f3n empresarial. Un compromiso inquebrantable con la eficacia, la profesionalidad y la atenci\u00f3n para el beneficio de nuestros clientes.<\/p>\n\n","protected":false},"excerpt":{"rendered":"<div class=\"entry-summary\">\n<div class=\"entry-summary\">\nMercantil Gesti\u00f3n eficiente de la empresa Entendemos que la gesti\u00f3n de una empresa abarca mucho m\u00e1s que cumplir con las obligaciones contables y administrativas de un negocio. Por eso, nuestro servicio Mercantil est\u00e1 dise\u00f1ado para acompa\u00f1arte en cada fase de&hellip;\n<\/div>\n<div class=\"link-more\"><a href=\"https:\/\/www.badegi.eus\/es\/mercantil\/\" class=\"more-link\">Continue reading<span class=\"screen-reader-text\"> &ldquo;Mercantil&rdquo;<\/span>&hellip;<\/a><\/div>\n<\/div>\n<div class=\"link-more\"><a href=\"https:\/\/www.badegi.eus\/es\/mercantil\/\" class=\"more-link\">Continue reading<span class=\"screen-reader-text\"> &ldquo;Mercantil&rdquo;<\/span>&hellip;<\/a><\/div>\n","protected":false},"author":1,"featured_media":0,"parent":0,"menu_order":0,"comment_status":"closed","ping_status":"closed","template":"templates\/child-pages.php","meta":{"footnotes":""},"class_list":["post-1323","page","type-page","status-publish","hentry","entry"],"acf":[],"_links":{"self":[{"href":"https:\/\/www.badegi.eus\/es\/wp-json\/wp\/v2\/pages\/1323","targetHints":{"allow":["GET"]}}],"collection":[{"href":"https:\/\/www.badegi.eus\/es\/wp-json\/wp\/v2\/pages"}],"about":[{"href":"https:\/\/www.badegi.eus\/es\/wp-json\/wp\/v2\/types\/page"}],"author":[{"embeddable":true,"href":"https:\/\/www.badegi.eus\/es\/wp-json\/wp\/v2\/users\/1"}],"replies":[{"embeddable":true,"href":"https:\/\/www.badegi.eus\/es\/wp-json\/wp\/v2\/comments?post=1323"}],"version-history":[{"count":0,"href":"https:\/\/www.badegi.eus\/es\/wp-json\/wp\/v2\/pages\/1323\/revisions"}],"wp:attachment":[{"href":"https:\/\/www.badegi.eus\/es\/wp-json\/wp\/v2\/media?parent=1323"}],"curies":[{"name":"wp","href":"https:\/\/api.w.org\/{rel}","templated":true}]}}