{"id":1327,"date":"2023-11-08T09:34:17","date_gmt":"2023-11-08T08:34:17","guid":{"rendered":"https:\/\/www.badegi.eus\/?page_id=1327"},"modified":"2023-12-12T09:56:04","modified_gmt":"2023-12-12T08:56:04","slug":"fiscal","status":"publish","type":"page","link":"https:\/\/www.badegi.eus\/es\/fiscal\/","title":{"rendered":"Fiscal"},"content":{"rendered":"\n<h1>\n\t\tFiscal\n\t<\/h1>\n<h2>\n\t\tGesti\u00f3n tributaria experta\n\t<\/h2>\n\t<p>Entendemos que la gesti\u00f3n fiscal eficiente es esencial para el \u00e9xito empresarial. Nuestro servicio Fiscal est\u00e1 <strong>pensado para aliviar la carga de tus obligaciones fiscales, dejando tus asuntos tributarios en manos expertas.<\/strong> Nuestro equipo altamente cualificado se encargar\u00e1 de tus impuestos para que puedas centrarte en hacer crecer tu negocio.<\/p>\n<h4>\n\t\tPunto de partida\n\t<\/h4>\n<h2>\n\t\tAn\u00e1lisis del Cliente\n\t<\/h2>\n\t<p>Comenzamos por analizar tu situaci\u00f3n fiscal actual para asegurarnos que est\u00e1s correctamente encuadrado.<\/p>\n<h4>\n\t\tAl d\u00eda\n\t<\/h4>\n<h2>\n\t\tAsesoramiento Proactivo\n\t<\/h2>\n\t<p>No solo cumplimos con las obligaciones fiscales, sino que tambi\u00e9n ofrecemos asesoramiento proactivo en materia fiscal. Te informaremos sobre las \u00faltimas regulaciones y te ayudaremos a optimizar tu carga fiscal.<\/p>\n<h4>\n\t\tNos ocupamos de todo\n\t<\/h4>\n<h2>\n\t\tConfecci\u00f3n y Liquidaci\u00f3n de Impuestos\n\t<\/h2>\n\t<p>Nos ocupamos de la preparaci\u00f3n y presentaci\u00f3n de tus declaraciones fiscales, incluyendo Sociedades, I.R.P.F, Patrimonio, I.V.A. y m\u00e1s.<\/p>\n<h4>\n\t\tSimplifica los procesos\n\t<\/h4>\n<h2>\n\t\tAltas en Actividades Econ\u00f3micas y Declaraciones Censales\n\t<\/h2>\n\t<p>Simplificamos los procesos burocr\u00e1ticos para gestionar altas en actividades econ\u00f3micas y declaraciones censales por ti.<\/p>\n<h4>\n\t\tAntic\u00edpate a las necesidades\n\t<\/h4>\n<h2>\n\t\tEstimaciones Fiscales y Consultas\n\t<\/h2>\n\t<p>Estamos disponibles para responder a todas tus preguntas fiscales y ayudarte a tomar decisiones financieras informadas.<\/p>\n<hr class=\"wm-divider type-line\" \/><h2>\n\t\tNuestro compromiso\n\t<\/h2>\n\t<h3>Liberarte de la carga en materia de obligaciones fiscales para garantizar el cumplimiento correcto y oportuno de tus responsabilidades fiscales, tanto para tu empresa como para ti como particular.<\/h3>\n<p>La tranquilidad es dejar tus asuntos fiscales en manos expertas.<\/p>\n\n","protected":false},"excerpt":{"rendered":"<div class=\"entry-summary\">\n<div class=\"entry-summary\">\nFiscal Gesti\u00f3n tributaria experta Entendemos que la gesti\u00f3n fiscal eficiente es esencial para el \u00e9xito empresarial. Nuestro servicio Fiscal est\u00e1 pensado para aliviar la carga de tus obligaciones fiscales, dejando tus asuntos tributarios en manos expertas. Nuestro equipo altamente cualificado&hellip;\n<\/div>\n<div class=\"link-more\"><a href=\"https:\/\/www.badegi.eus\/es\/fiscal\/\" class=\"more-link\">Continue reading<span class=\"screen-reader-text\"> &ldquo;Fiscal&rdquo;<\/span>&hellip;<\/a><\/div>\n<\/div>\n<div class=\"link-more\"><a href=\"https:\/\/www.badegi.eus\/es\/fiscal\/\" class=\"more-link\">Continue reading<span class=\"screen-reader-text\"> &ldquo;Fiscal&rdquo;<\/span>&hellip;<\/a><\/div>\n","protected":false},"author":1,"featured_media":0,"parent":0,"menu_order":0,"comment_status":"closed","ping_status":"closed","template":"templates\/child-pages.php","meta":{"footnotes":""},"class_list":["post-1327","page","type-page","status-publish","hentry","entry"],"acf":[],"_links":{"self":[{"href":"https:\/\/www.badegi.eus\/es\/wp-json\/wp\/v2\/pages\/1327","targetHints":{"allow":["GET"]}}],"collection":[{"href":"https:\/\/www.badegi.eus\/es\/wp-json\/wp\/v2\/pages"}],"about":[{"href":"https:\/\/www.badegi.eus\/es\/wp-json\/wp\/v2\/types\/page"}],"author":[{"embeddable":true,"href":"https:\/\/www.badegi.eus\/es\/wp-json\/wp\/v2\/users\/1"}],"replies":[{"embeddable":true,"href":"https:\/\/www.badegi.eus\/es\/wp-json\/wp\/v2\/comments?post=1327"}],"version-history":[{"count":0,"href":"https:\/\/www.badegi.eus\/es\/wp-json\/wp\/v2\/pages\/1327\/revisions"}],"wp:attachment":[{"href":"https:\/\/www.badegi.eus\/es\/wp-json\/wp\/v2\/media?parent=1327"}],"curies":[{"name":"wp","href":"https:\/\/api.w.org\/{rel}","templated":true}]}}