{"id":1334,"date":"2023-11-08T09:54:53","date_gmt":"2023-11-08T08:54:53","guid":{"rendered":"https:\/\/www.badegi.eus\/?page_id=1334"},"modified":"2023-12-12T09:54:56","modified_gmt":"2023-12-12T08:54:56","slug":"laboral","status":"publish","type":"page","link":"https:\/\/www.badegi.eus\/es\/laboral\/","title":{"rendered":"Laboral"},"content":{"rendered":"\n<h1>\n\t\tLaboral\n\t<\/h1>\n<h2>\n\t\tRecursos humanos y laborales\n\t<\/h2>\n\t<p>Sabemos que la gesti\u00f3n de recursos humanos y laborales puede ser un desaf\u00edo para cualquier empresa. Nuestro servicio Laboral tiene como objetivo<strong> ayudarte a abordar todas las cuestiones relacionadas con la contrataci\u00f3n, n\u00f3minas y seguridad social.\u00a0<\/strong> Contamos en nuestro equipo con una especialista en relaciones laborales y graduado social  que te asesorar\u00e1 en contrataci\u00f3n, n\u00f3minas y seguridad social.<\/p>\n<h4>\n\t\tNos ocupamos de todo\n\t<\/h4>\n<h2>\n\t\tAltas, Bajas y Variaciones de Trabajadores\n\t<\/h2>\n\t<p>Gestionamos todos los aspectos relacionados con la seguridad social, incluyendo altas, bajas y variaciones de trabajadores.<\/p>\n<h4>\n\t\tDe forma puntual y precisa\n\t<\/h4>\n<h2>\n\t\tConfecci\u00f3n de Recibos Mensuales de Pagos de Salarios\n\t<\/h2>\n\t<p>Simplificamos el proceso de n\u00f3mina, asegurando que tus empleados reciban sus pagos de manera puntual y precisa.<\/p>\n<h4>\n\t\tTodos los tr\u00e1mites\n\t<\/h4>\n<h2>\n\t\tConfecci\u00f3n y Tramitaci\u00f3n de Aportaciones a la Seguridad Social\n\t<\/h2>\n\t<p>Nos encargamos de todas las aportaciones a la seguridad social, incluyendo la seguridad social de trabajadores aut\u00f3nomos.<\/p>\n<h4>\n\t\tGesti\u00f3n correcta\n\t<\/h4>\n<h2>\n\t\tFormalizaci\u00f3n de Boletines de Cotizaci\u00f3n\n\t<\/h2>\n\t<p>Garantizamos que todos los aspectos relacionados con la seguridad social y los boletines de cotizaci\u00f3n se gestionen de manera adecuada.<\/p>\n<h4>\n\t\tAbogado Especializado\n\t<\/h4>\n<h2>\n\t\tAsesoramiento Jur\u00eddico Laboral\n\t<\/h2>\n\t<p>Contamos con un abogado especializado en relaciones laborales para proporcionarte asesoramiento jur\u00eddico laboral en caso de necesidad.<\/p>\n<hr class=\"wm-divider type-line\" \/><h2>\n\t\tNuestro compromiso\n\t<\/h2>\n\t<h3>Aliviar la carga de la gesti\u00f3n laboral y garantizar que todas las cuestiones laborales se realicen de forma profesional conforme a las regulaciones vigentes. Queremos ser tu socio en la gesti\u00f3n de recursos humanos.<\/h3>\n<p>Garantizar que tus aspectos laborales se gestionan de manera eficiente y profesional, permiti\u00e9ndote centrar en el crecimiento de tu negocio.<\/p>\n\n","protected":false},"excerpt":{"rendered":"<div class=\"entry-summary\">\n<div class=\"entry-summary\">\nLaboral Recursos humanos y laborales Sabemos que la gesti\u00f3n de recursos humanos y laborales puede ser un desaf\u00edo para cualquier empresa. Nuestro servicio Laboral tiene como objetivo ayudarte a abordar todas las cuestiones relacionadas con la contrataci\u00f3n, n\u00f3minas y seguridad&hellip;\n<\/div>\n<div class=\"link-more\"><a href=\"https:\/\/www.badegi.eus\/es\/laboral\/\" class=\"more-link\">Continue reading<span class=\"screen-reader-text\"> &ldquo;Laboral&rdquo;<\/span>&hellip;<\/a><\/div>\n<\/div>\n<div class=\"link-more\"><a href=\"https:\/\/www.badegi.eus\/es\/laboral\/\" class=\"more-link\">Continue reading<span class=\"screen-reader-text\"> &ldquo;Laboral&rdquo;<\/span>&hellip;<\/a><\/div>\n","protected":false},"author":1,"featured_media":0,"parent":0,"menu_order":0,"comment_status":"closed","ping_status":"closed","template":"templates\/child-pages.php","meta":{"footnotes":""},"class_list":["post-1334","page","type-page","status-publish","hentry","entry"],"acf":[],"_links":{"self":[{"href":"https:\/\/www.badegi.eus\/es\/wp-json\/wp\/v2\/pages\/1334","targetHints":{"allow":["GET"]}}],"collection":[{"href":"https:\/\/www.badegi.eus\/es\/wp-json\/wp\/v2\/pages"}],"about":[{"href":"https:\/\/www.badegi.eus\/es\/wp-json\/wp\/v2\/types\/page"}],"author":[{"embeddable":true,"href":"https:\/\/www.badegi.eus\/es\/wp-json\/wp\/v2\/users\/1"}],"replies":[{"embeddable":true,"href":"https:\/\/www.badegi.eus\/es\/wp-json\/wp\/v2\/comments?post=1334"}],"version-history":[{"count":0,"href":"https:\/\/www.badegi.eus\/es\/wp-json\/wp\/v2\/pages\/1334\/revisions"}],"wp:attachment":[{"href":"https:\/\/www.badegi.eus\/es\/wp-json\/wp\/v2\/media?parent=1334"}],"curies":[{"name":"wp","href":"https:\/\/api.w.org\/{rel}","templated":true}]}}