{"id":1380,"date":"2023-11-09T10:39:27","date_gmt":"2023-11-09T09:39:27","guid":{"rendered":"https:\/\/www.badegi.eus\/?page_id=1380"},"modified":"2023-11-09T13:23:37","modified_gmt":"2023-11-09T12:23:37","slug":"contacto","status":"publish","type":"page","link":"https:\/\/www.badegi.eus\/es\/contacto\/","title":{"rendered":"Contacto"},"content":{"rendered":"\n<h1>\n\t\tContacta con Badegi\n\t<\/h1>\n\t<p>Si deseas hacernos alguna consulta o concertar una cita, estamos a tu disposici\u00f3n. No dudes en preguntarnos. Env\u00edanos un correo electr\u00f3nico directamente\u00a0<strong><a href=\"mailto:badegi@badegi.eus\">badegi@badegi.eus<\/a><\/strong>\u00a0o tambi\u00e9n puede llamarnos\u00a0al\u00a0<strong><a href=\"tel:+34943100204\">943 100 204<\/a><\/strong>.<\/p>\n\t<iframe src=\"https:\/\/www.google.com\/maps\/embed?pb=!1m14!1m8!1m3!1d11701.213116254443!2d-2.686222!3d42.845329!3m2!1i1024!2i768!4f13.1!3m3!1m2!1s0xd4fc210e37595f5%3A0xe4ffb4eae128a490!2sTraductores-Int%C3%A9rpretes%20GDS!5e0!3m2!1ses!2ses!4v1690375478479!5m2!1ses!2ses\" width=\"400\" height=\"350\" allowfullscreen=\"\" loading=\"lazy\" referrerpolicy=\"no-referrer-when-downgrade\"><\/iframe>\n\t<strong>BADEGI ASESORES, S.L.P.<\/strong><br \/>\nAntonio Maria Labaien 14, 5\u00baD<br \/>\n(Edificio MORLANS BULEGO)<br \/>\n20009\u00a0<strong>DONOSTIA &#8211; SAN SEBASTI\u00c1N<\/strong><br \/>\nGipuzkoa, Spain\n\t\n<div class=\"wpcf7 no-js\" id=\"wpcf7-f1385-o1\" lang=\"es-ES\" dir=\"ltr\">\n<div class=\"screen-reader-response\"><p role=\"status\" aria-live=\"polite\" aria-atomic=\"true\"><\/p> <ul><\/ul><\/div>\n<form action=\"\/es\/wp-json\/wp\/v2\/pages\/1380#wpcf7-f1385-o1\" method=\"post\" class=\"wpcf7-form init\" aria-label=\"Formulario de contacto\" novalidate=\"novalidate\" data-status=\"init\">\n<div style=\"display: none;\">\n<input type=\"hidden\" name=\"_wpcf7\" value=\"1385\" \/>\n<input type=\"hidden\" name=\"_wpcf7_version\" value=\"5.8.7\" \/>\n<input type=\"hidden\" name=\"_wpcf7_locale\" value=\"es_ES\" \/>\n<input type=\"hidden\" name=\"_wpcf7_unit_tag\" value=\"wpcf7-f1385-o1\" \/>\n<input type=\"hidden\" name=\"_wpcf7_container_post\" value=\"0\" \/>\n<input type=\"hidden\" name=\"_wpcf7_posted_data_hash\" value=\"\" \/>\n<\/div>\n<div class=\"contact-form-columns\">\n\t<div class=\"column\">\n <!-- <label for=\"nombre\">Nombre *<\/label> -->\n\t\t<p><span class=\"wpcf7-form-control-wrap\" data-name=\"nombre\"><input size=\"40\" class=\"wpcf7-form-control wpcf7-text wpcf7-validates-as-required gray-input\" id=\"nombre\" aria-required=\"true\" aria-invalid=\"false\" placeholder=\"Nombre *\" value=\"\" type=\"text\" name=\"nombre\" \/><\/span>\n\t\t<\/p>\n\t<\/div>\n\t<div class=\"column\">\n <!-- <label for=\"apellido\">Apellido *<\/label> -->\n\t\t<p><span class=\"wpcf7-form-control-wrap\" data-name=\"apellido\"><input size=\"40\" class=\"wpcf7-form-control wpcf7-text wpcf7-validates-as-required gray-input\" id=\"apellido\" aria-required=\"true\" aria-invalid=\"false\" placeholder=\"Apellido *\" value=\"\" type=\"text\" name=\"apellido\" \/><\/span>\n\t\t<\/p>\n\t<\/div>\n<\/div>\n<p><span id=\"wpcf7-69e8eb70055b9-wrapper\" class=\"wpcf7-form-control-wrap zuzendari-167-wrap\" ><label for=\"wpcf7-69e8eb70055b9-field\" class=\"hp-message\">Por favor, deja este campo vac\u00edo.<\/label><input id=\"wpcf7-69e8eb70055b9-field\"  class=\"wpcf7-form-control wpcf7-text\" type=\"text\" name=\"zuzendari-167\" value=\"\" size=\"40\" tabindex=\"-1\" autocomplete=\"new-password\" \/><\/span>\n<\/p>\n\n<!-- <label for=\"email\">Un e-mail donde poder contactar *<\/label> -->\n<p><span class=\"wpcf7-form-control-wrap\" data-name=\"email\"><input size=\"40\" class=\"wpcf7-form-control wpcf7-email wpcf7-validates-as-required wpcf7-text wpcf7-validates-as-email gray-input\" id=\"email\" aria-required=\"true\" aria-invalid=\"false\" placeholder=\"Tu correo electr\u00f3nico *\" value=\"\" type=\"email\" name=\"email\" \/><\/span>\n<\/p>\n\n<!-- <label for=\"asunto\">Selecciona el motivo de tu consulta *<\/label> -->\n<p><span class=\"wpcf7-form-control-wrap\" data-name=\"motivo\"><input size=\"40\" class=\"wpcf7-form-control wpcf7-text wpcf7-validates-as-required gray-input\" id=\"asunto\" aria-required=\"true\" aria-invalid=\"false\" placeholder=\"Asunto *\" value=\"\" type=\"text\" name=\"motivo\" \/><\/span>\n<\/p>\n\n<!-- <label for=\"consulta\">Escribe aqu\u00ed tu consulta *<\/label> -->\n<p><span class=\"wpcf7-form-control-wrap\" data-name=\"consulta\"><textarea cols=\"40\" rows=\"10\" class=\"wpcf7-form-control wpcf7-textarea limited-height\" id=\"consulta\" aria-invalid=\"false\" placeholder=\"Escribe aqu\u00ed tu consulta *\" name=\"consulta\"><\/textarea><\/span>\n<\/p>\n<p class=\"smaller-text\">Los datos que va a proporcionar para la utilizaci\u00f3n del presente servicio ser\u00e1n incorporados a un fichero automatizado de datos de car\u00e1cter personal responsabilidad de BADEGI ASESORES, S.L.P. conforme a lo establecido en el art\u00edculo 4 de la Ley de Protecci\u00f3n de Datos. El hecho de que facilite los datos solicitados supone su expreso consentimiento a la transferencia de sus datos al responsable del tratamiento, as\u00ed como a lo estipulado en la pol\u00edtica de protecci\u00f3n de datos del presente website.\n<\/p>\n<p><span class=\"wpcf7-form-control-wrap\" data-name=\"aceptacion\"><span class=\"wpcf7-form-control wpcf7-acceptance\"><span class=\"wpcf7-list-item\"><label><input type=\"checkbox\" name=\"aceptacion\" value=\"1\" aria-invalid=\"false\" \/><span class=\"wpcf7-list-item-label\">He le\u00eddo y acepto los <a href=\"#\">t\u00e9rminos y condiciones<\/a> y la <a href=\"#\">pol\u00edtica de privacidad<\/a>.*<\/span><\/label><\/span><\/span><\/span>\n<\/p>\n<p><input class=\"wpcf7-form-control wpcf7-submit has-spinner\" type=\"submit\" value=\"ENVIAR\" \/>\n<\/p><div class=\"wpcf7-response-output\" aria-hidden=\"true\"><\/div>\n<\/form>\n<\/div>\n\n\n","protected":false},"excerpt":{"rendered":"<div class=\"entry-summary\">\n<div class=\"entry-summary\">\nContacta con Badegi Si deseas hacernos alguna consulta o concertar una cita, estamos a tu disposici\u00f3n. No dudes en preguntarnos. Env\u00edanos un correo electr\u00f3nico directamente\u00a0badegi@badegi.eus\u00a0o tambi\u00e9n puede llamarnos\u00a0al\u00a0943 100 204. BADEGI ASESORES, S.L.P. Antonio Maria Labaien 14, 5\u00baD (Edificio MORLANS&hellip;\n<\/div>\n<div class=\"link-more\"><a href=\"https:\/\/www.badegi.eus\/es\/contacto\/\" class=\"more-link\">Continue reading<span class=\"screen-reader-text\"> &ldquo;Contacto&rdquo;<\/span>&hellip;<\/a><\/div>\n<\/div>\n<div class=\"link-more\"><a href=\"https:\/\/www.badegi.eus\/es\/contacto\/\" class=\"more-link\">Continue reading<span class=\"screen-reader-text\"> &ldquo;Contacto&rdquo;<\/span>&hellip;<\/a><\/div>\n","protected":false},"author":1,"featured_media":0,"parent":0,"menu_order":0,"comment_status":"closed","ping_status":"closed","template":"templates\/child-pages.php","meta":{"footnotes":""},"class_list":["post-1380","page","type-page","status-publish","hentry","entry"],"acf":[],"_links":{"self":[{"href":"https:\/\/www.badegi.eus\/es\/wp-json\/wp\/v2\/pages\/1380","targetHints":{"allow":["GET"]}}],"collection":[{"href":"https:\/\/www.badegi.eus\/es\/wp-json\/wp\/v2\/pages"}],"about":[{"href":"https:\/\/www.badegi.eus\/es\/wp-json\/wp\/v2\/types\/page"}],"author":[{"embeddable":true,"href":"https:\/\/www.badegi.eus\/es\/wp-json\/wp\/v2\/users\/1"}],"replies":[{"embeddable":true,"href":"https:\/\/www.badegi.eus\/es\/wp-json\/wp\/v2\/comments?post=1380"}],"version-history":[{"count":0,"href":"https:\/\/www.badegi.eus\/es\/wp-json\/wp\/v2\/pages\/1380\/revisions"}],"wp:attachment":[{"href":"https:\/\/www.badegi.eus\/es\/wp-json\/wp\/v2\/media?parent=1380"}],"curies":[{"name":"wp","href":"https:\/\/api.w.org\/{rel}","templated":true}]}}