{"id":1476,"date":"2023-11-10T14:29:27","date_gmt":"2023-11-10T13:29:27","guid":{"rendered":"https:\/\/www.badegi.eus\/?page_id=1476"},"modified":"2023-12-22T13:58:17","modified_gmt":"2023-12-22T12:58:17","slug":"politica-privacidad","status":"publish","type":"page","link":"https:\/\/www.badegi.eus\/es\/politica-privacidad\/","title":{"rendered":"Pol\u00edtica de privacidad"},"content":{"rendered":"\n<h2>\n\t\tRESPONSABLE DEL TRATAMIENTO\n\t<\/h2>\n\t<ul>\n<li>Identidad: BADEGI ASESORES, S.L.P. (tambi\u00e9n el Prestador)<\/li>\n<li>NIF: B75074617<\/li>\n<li>Direcci\u00f3n postal: ANTONIO M\u00aa LABAIEN, 14 5\u00baD ( 20009 Donostia )<\/li>\n<li>Correo electr\u00f3nico: badegi@badegi.eus<\/li>\n<\/ul>\n<p>BADEGI ASESORES, S.L.P., como responsable del Sitio web, de conformidad con lo que disponen el Reglamento (UE) 2016\/679, de 27 de abril de 2016, (RGPD); la Ley Org\u00e1nica 3\/2018, de 5 de diciembre, (LOPDGDD), y dem\u00e1s normativa legal vigente en materia de protecci\u00f3n de datos personales, as\u00ed como la Ley 34\/2002, de 11 de julio, de Servicios de la Sociedad de la Informaci\u00f3n y del Comercio Electr\u00f3nico (LSSICE), le informa de que tiene implementadas las medidas de seguridad necesarias, de \u00edndole t\u00e9cnica y organizativas, para garantizar y proteger la confidencialidad, integridad y disponibilidad de los datos introducidos.<\/p>\n<h2>\n\t\tFINALIDAD DEL TRATAMIENTO\n\t<\/h2>\n\t<p>Sus datos personales solo se utilizar\u00e1n para las siguientes finalidades:<\/p>\n<ul>\n<li>Realizar las gestiones comerciales y administrativas necesarias con los Usuarios de la web.<\/li>\n<li>Remitir las comunicaciones comerciales publicitarias por correo electr\u00f3nico, fax, SMS, MMS, comunidades sociales o cualquier otro medio electr\u00f3nico o f\u00edsico, en caso de que el Usuario haya consentido expresamente al env\u00edo de comunicaciones comerciales por v\u00eda electr\u00f3nica mediante la suscripci\u00f3n de la NEWSLETTER.<\/li>\n<li>Responder a las consultas y\/o proporcionar informaciones requeridas por el Usuario.<\/li>\n<li>Realizar las prestaciones de servicios y\/o productos contratados o subscritos por el Usuario.<\/li>\n<li>Utilizar sus datos para contactarle, tanto por v\u00eda electr\u00f3nica como no electr\u00f3nica, para obtener su opini\u00f3n sobre el servicio prestado.<\/li>\n<li>Y notificarle cambios, desarrollos importantes de la pol\u00edtica de privacidad, aviso legal o pol\u00edtica de cookies.<\/li>\n<li>Se realizar\u00e1n an\u00e1lisis de perfiles y de usabilidad.<\/li>\n<li>Los datos de clientes y\/o proveedores ser\u00e1n tratados, dentro de la relaci\u00f3n contractual que les vincula con el responsable, en cumplimiento de las obligaciones administrativas, fiscales, contables y laborables que sean necesarias en virtud de la legislaci\u00f3n vigente.<\/li>\n<\/ul>\n<p>Puede revocar en cualquier momento su consentimiento remitiendo un escrito con el asunto \u00abBaja\u00bb a badegi@badegi.eus.<\/p>\n<p>De acuerdo con la LSSICE, BADEGI ASESORES, S.L.P. no realiza pr\u00e1cticas de SPAM, por lo tanto, no env\u00eda correos comerciales por e-mail que no hayan sido previamente solicitados o autorizados por el Usuario. En consecuencia, en todas las comunicaciones que recibir\u00e1 del Prestador, el Usuario tiene la posibilidad de cancelar su consentimiento expreso para recibir nuestras comunicaciones.<\/p>\n<p>No trataremos sus datos personales para ninguna otra finalidad de las descritas salvo por obligaci\u00f3n legal o requerimiento judicial.<\/p>\n<h2>\n\t\tLEGITIMACI\u00d3N DEL TRATAMIENTO\n\t<\/h2>\n\t<p>La base legal para el tratamiento de los datos es su consentimiento otorgado para llevar a cabo las finalidades anteriormente descritas, que se solicitar\u00e1 en el momento de marcado de la casilla correspondiente a la hora de recoger sus datos.<\/p>\n<p>El hecho de no facilitar los datos personales solicitados o de no aceptar la presente pol\u00edtica de protecci\u00f3n de datos supone la imposibilidad de subscribirse, registrarse o recibir informaci\u00f3n de los productos y servicios del Prestador.<\/p>\n<p>En los casos en los que exista una previa relaci\u00f3n contractual entre las partes, la legitimaci\u00f3n para el desarrollo de las obligaciones administrativas, fiscales, contables y laborales que sean necesarias en virtud de la legislaci\u00f3n vigente ser\u00e1 la existencia previa de la relaci\u00f3n comercial establecida entre las partes.<\/p>\n<h2>\n\t\tDESTINATARIOS DE CESIONES O TRANSFERENCIAS\n\t<\/h2>\n\t<p>BADEGI ASESORES, S.L.P. no lleva a cabo ninguna cesi\u00f3n o comunicaci\u00f3n de datos a terceros salvo que exista necesidad razonable para cumplir con un procedimiento judicial, obligaci\u00f3n legal o previa obtenci\u00f3n del consentimiento del Usuario.<\/p>\n<p>Tampoco se realizar\u00e1n transferencias internacionales de sus datos de car\u00e1cter personal sin su consentimiento previo sin perjuicio de poder bloquear o cancelar su cuenta si puede haber indicios de la comisi\u00f3n de alg\u00fan delito por parte del Usuario. La informaci\u00f3n facilitada ser\u00e1 solamente la que disponga en este momento el Prestador.<\/p>\n<p>La informaci\u00f3n que usted nos proporcione tanto a trav\u00e9s de este sitio web como a trav\u00e9s de la aplicaci\u00f3n ser\u00e1 alojada en los servidores de BADEGI ASESORES, S.L.P., contratados a la empresa Arsys Internet S.L.U (en adelante, \u00abArsys\u00bb) con NIF B-85294916 y domicilio fiscal sito en C\/ Chile, 54, 26007 Logro\u00f1o (La Rioja) Espa\u00f1a. El tratamiento de los datos de dicha entidad se encuentra regulado mediante un contrato de encargado del tratamiento entre el Prestador y dicha empresa. En ning\u00fan caso este encargado del tratamiento subcontratar\u00e1 servicios que comporten alg\u00fan tratamiento de datos por terceros sin nuestro previo consentimiento.<\/p>\n<h2>\n\t\t COMUNICACIONES\n\t<\/h2>\n\t<p>Cualquier comunicaci\u00f3n enviada quedar\u00e1 incorporada a los sistemas de informaci\u00f3n de BADEGI ASESORES, S.L.P. Al aceptar las presentes condiciones, t\u00e9rminos y pol\u00edticas, el Usuario consiente expresamente a que BADEGI ASESORES, S.L.P. realice las siguientes actividades y\/o acciones, salvo que el Usuario indique lo contrario:<\/p>\n<p>El env\u00edo de comunicaciones comerciales y\/o promocionales por cualquier medio habilitado, informando a los Usuarios de las actividades, servicios, promociones, publicidad, noticias, ofertas y dem\u00e1s informaci\u00f3n sobre los servicios y productos relacionados con la actividad.<\/p>\n<p>Si el Usuario ha consentido expresamente el env\u00edo de comunicaciones comerciales por v\u00eda electr\u00f3nica mediante la suscripci\u00f3n a la NEWSLETTER, entonces BADEGI ASESORES, S.L.P. podr\u00e1 enviarle comunicaciones por medios electr\u00f3nicos en las que se informar\u00e1 al Usuario sobre las actividades, promociones, publicidad, noticias y ofertas, y se proporcionar\u00e1 m\u00e1s informaci\u00f3n sobre productos y servicios de BADEGI ASESORES, S.L.P. iguales o similares a los que fueron inicialmente objeto de contrataci\u00f3n o de inter\u00e9s por el Usuario.<\/p>\n<p>La conservaci\u00f3n de los datos durante los plazos previstos en las disposiciones aplicables.<\/p>\n<h2>\n\t\tDERECHOS DE LAS PERSONAS INTERESADAS\n\t<\/h2>\n\t<p>Como Usuario-interesado, puede solicitar el ejercicio de los siguientes derechos ante BADEGI ASESORES, S.L.P. presentando un escrito a la direcci\u00f3n postal del encabezamiento o enviando un correo electr\u00f3nico a nuria@nuriamasdeu.com, indicando como Asunto: \u00abPROTECCI\u00d3N DE DATOS, EJERCICIO DE DERECHOS\u00bb.<\/p>\n<h3>Derechos<\/h3>\n<ul>\n<li>Derecho de acceso: permite al interesado conocer y obtener informaci\u00f3n sobre sus datos de car\u00e1cter personal sometidos a tratamiento.<\/li>\n<li>Derecho de rectificaci\u00f3n: permite corregir errores y modificar los datos que resulten ser inexactos o incompletos.<\/li>\n<li>Derecho de supresi\u00f3n: permite que se supriman los datos que resulten ser inadecuados o excesivos.<\/li>\n<li>Derecho de oposici\u00f3n: derecho del interesado a que no se lleve a cabo el tratamiento de sus datos de car\u00e1cter personal o se cese en el mismo.<\/li>\n<li>Limitaci\u00f3n del tratamiento: conlleva el marcado de los datos personales conservados, con la finalidad de limitar su futuro tratamiento.<\/li>\n<li>Portabilidad de los datos: facilitaci\u00f3n de los datos objeto de tratamiento al interesado, a fin de que este pueda transmitirlos a otro responsable, sin impedimentos.<\/li>\n<li>Derecho a no ser objeto de decisiones individuales automatizadas (incluida la elaboraci\u00f3n de perfiles): derecho a no ser objeto de una decisi\u00f3n basada en el tratamiento automatizado que produzca efectos o afecte significativamente.<\/li>\n<li>Como Usuario, tiene derecho a retirar el consentimiento prestado en cualquier momento. La retirada del consentimiento no afectar\u00e1 a la licitud del tratamiento efectuado antes de la retirada del consentimiento.<\/li>\n<li>Tambi\u00e9n tiene derecho a presentar una reclamaci\u00f3n ante la autoridad de control si considera que pueden haberse visto vulnerados sus derechos en relaci\u00f3n con la protecci\u00f3n de sus datos (agpd.es).<\/li>\n<\/ul>\n<h2>\n\t\tCONSERVACI\u00d3N DE SUS DATOS\n\t<\/h2>\n\t<p>Sus datos se conservar\u00e1n mientras dure la relaci\u00f3n comercial con nosotros o ejercite su derecho de supresi\u00f3n u oposici\u00f3n, o limitaci\u00f3n al tratamiento. Sin embargo, conservaremos determinados datos personales identificativos y del tr\u00e1fico durante el plazo m\u00e1ximo de 2 a\u00f1os para el caso de que fuera requerido por los Jueces y Tribunales o para incoar acciones internas derivadas del uso indebido de la p\u00e1gina web.<\/p>\n<p>No ser\u00e1 objeto de decisiones basadas en tratamientos automatizados que produzcan efectos sobre sus datos.<\/p>\n<h2>\n\t\tCONSENTIMIENTO PARA EL USO DE COOKIES\n\t<\/h2>\n\t<p>Para que nuestro sitio web funcione correctamente utilizamos cookies. Para obtener tu consentimiento v\u00e1lido para el uso y el almacenamiento de cookies en el navegador que utilizas para acceder a nuestro sitio web y para documentarlo adecuadamente utilizamos una plataforma de gesti\u00f3n del consentimiento: CookieFirst. Esta tecnolog\u00eda es proporcionada por Digital Data Solutions BV, Plantage Middenlaan 42a, 1018 DH, Amsterdam, Pa\u00edses Bajos. Sitio web: <a title=\"Cookiefirst page\" href=\"https:\/\/cookiefirst.com\">https:\/\/cookiefirst.com<\/a> denominado CookieFirst.<\/p>\n<p>Cuando accedes a nuestro sitio web, se establece una conexi\u00f3n con el servidor de CookieFirstpara darnos la posibilidad de obtener tu consentimiento v\u00e1lido para el uso de cookies determinadas. A continuaci\u00f3n, CookieFirst almacena una cookie en tu navegador para poder activar s\u00f3lo aquellas cookies a las que has dado tu consentimiento y para documentarlo adecuadamente. Los datos procesados se almacenan hasta que expira el periodo de almacenamiento predefinido o hasta que solicites la eliminaci\u00f3n de los datos. A pesar de lo anterior, pueden aplicarse determinados periodos de almacenamiento legales obligatorios.<\/p>\n<p>CookieFirst se utiliza para obtener el consentimiento legalmente requerido para el uso de cookies. La base legal para ello es el art\u00edculo 6(1)(c) del Reglamento General de Protecci\u00f3n de Datos (GDPR).<\/p>\n<h2>Acuerdo de procesamiento de datos<\/h2>\n<p>Hemos celebrado un acuerdo de procesamiento de datos con CookieFirst. Se trata de un contrato exigido por la ley de protecci\u00f3n de datos, que garantiza que los datos de los visitantes de nuestro sitio web solo se procesen de acuerdo con nuestras instrucciones y en cumplimiento del GDPR.<\/p>\n<h2>Archivos de registro del servidor<\/h2>\n<p>Nuestro sitio web y CookieFirst recogen y almacenan autom\u00e1ticamente informaci\u00f3n en los denominados archivos de registro del servidor, que tu navegador nos transmite autom\u00e1ticamente. Se recogen los siguientes datos:<\/p>\n<ul>\n<li>Tu consentimiento o la retirada del mismo<\/li>\n<li>Tu direcci\u00f3n IP an\u00f3nima<\/li>\n<li>Informaci\u00f3n sobre tu navegador<\/li>\n<li>Informaci\u00f3n sobre tu dispositivo<\/li>\n<li>La fecha y la hora en que has visitado nuestro sitio web<\/li>\n<li>La url de la p\u00e1gina web donde has guardado o actualizado tus preferencias de consentimiento<\/li>\n<li>La ubicaci\u00f3n aproximada del usuario que guard\u00f3 sus preferencias de consentimiento<\/li>\n<li>Un identificador \u00fanico universal (UUID) del visitante del sitio web que hizo clic en el banner cookie<\/li>\n<\/ul>\n<h2>\n\t\tREDES SOCIALES\n\t<\/h2>\n\t<p>Le informamos de que BADEGI ASESORES, S.L.P. puede estar presente en redes sociales. El tratamiento de los datos que los Usuarios incluyan en las mismas (haci\u00e9ndose seguidores del Prestador en las redes sociales y\/o realizando cualquier v\u00ednculo o acci\u00f3n de conexi\u00f3n a trav\u00e9s de estas) se regir\u00e1 por este apartado, as\u00ed como por las condiciones de uso, pol\u00edticas de privacidad y normativas de acceso y uso de las redes sociales en cuesti\u00f3n y aceptadas previamente por el Usuario.<\/p>\n<p>BADEGI ASESORES, S.L.P. tratar\u00e1 sus datos con el fin de informarle de las actividades, productos o servicios del Prestador a trav\u00e9s de estas redes sociales, as\u00ed como para cualquier otra finalidad que las normativas de las redes sociales permitan, pero no se har\u00e1 responsable de sus pol\u00edticas de privacidad.<\/p>\n<p>Queda prohibida la publicaci\u00f3n de contenidos:<\/p>\n<ul>\n<li>Que sean presuntamente il\u00edcitos por la normativa nacional, comunitaria o internacional o que realicen actividades presuntamente il\u00edcitas o contravengan los principios de la buena fe.<\/li>\n<li>Que atenten contra los derechos fundamentales de las personas, falten a la cortes\u00eda en la red, molesten o puedan generar opiniones negativas en nuestros Usuarios o terceros y en general cualesquiera que sean los contenidos que BADEGI ASESORES, S.L.P. considere no apropiados.<\/li>\n<li>Y, en general, que contravengan los principios de legalidad, honradez, responsabilidad, protecci\u00f3n de la dignidad humana, protecci\u00f3n de menores, protecci\u00f3n del orden p\u00fablico, protecci\u00f3n de la vida privada, protecci\u00f3n del consumidor y los derechos de propiedad intelectual e industrial.<\/li>\n<\/ul>\n<p>Asimismo, BADEGI ASESORES, S.L.P. se reserva la potestad de retirar sin previo aviso del sitio web o de la red social corporativa aquellos contenidos que se consideren no apropiados.<\/p>\n<h2>\n\t\tMEDIOS OFICIALES DE COMUNICACI\u00d3N\n\t<\/h2>\n\t<p>Se informa al Usuario de que los medios habilitados por la empresa para comunicarse con clientes y otros afectados son el tel\u00e9fono corporativo, los tel\u00e9fonos m\u00f3viles de empresa, el correo electr\u00f3nico corporativo y la aplicaci\u00f3n Hangouts de Google para hacer videoconferencias.<\/p>\n<p>Si Usted remite informaci\u00f3n personal a trav\u00e9s de un medio de comunicaci\u00f3n distinto a los indicados en este apartado, BADEGI ASESORES, S.L.P. quedar\u00e1 exenta de responsabilidad en relaci\u00f3n con las medidas de seguridad que disponga el medio en cuesti\u00f3n.<\/p>\n<h2>\n\t\tINFORMACI\u00d3N ADICIONAL\n\t<\/h2>\n\t<h3>INFORMACI\u00d3N QUE RECABAMOS<\/h3>\n<p>Los datos recogidos por parte del responsable son los siguientes:<\/p>\n<ul>\n<li>Aquellos que los Usuarios suministren a trav\u00e9s de los diferentes servicios ofrecidos en la p\u00e1gina web.<\/li>\n<li>Aquellos incluidos en los diferentes formularios previstos en la p\u00e1gina web.<\/li>\n<li>Datos recogidos a trav\u00e9s de las cookies para la mejora de la experiencia de la navegaci\u00f3n seg\u00fan se informa en la pol\u00edtica de cookies.<\/li>\n<\/ul>\n<p>La negativa a suministrar los datos obligatorios supondr\u00e1 la imposibilidad de atender la concreta solicitud de que se trate. Usted manifiesta que la informaci\u00f3n y los datos que nos facilita son exactos, actuales y veraces. Le rogamos que, en caso de modificaci\u00f3n, comunique inmediatamente la misma a fin de que la informaci\u00f3n en tratamiento est\u00e9 en todo momento actualizada y no contenga errores.<\/p>\n<p>A trav\u00e9s de esta Pol\u00edtica de privacidad le informamos de que las fotograf\u00edas que est\u00e9n colgadas en la web son propiedad de BADEGI ASESORES, S.L.P. o el Proveedor ha obtenido autorizaci\u00f3n del propietario para su uso.<\/p>\n<h3>REDES SOCIALES<\/h3>\n<p>Le informamos de que BADEGI ASESORES, S.L.P. puede tener presencia en redes sociales. El tratamiento de los datos que se lleve a cabo de las personas que se hagan seguidoras en las redes sociales (y\/o realicen cualquier v\u00ednculo o acci\u00f3n de conexi\u00f3n a trav\u00e9s de las redes sociales) de las p\u00e1ginas oficiales de BADEGI ASESORES, S.L.P. se regir\u00e1 por este apartado, as\u00ed como por aquellas condiciones de uso, pol\u00edticas de privacidad y normativas de acceso propias de la red social que proceda en cada caso y aceptadas previamente por el Usuario.<\/p>\n<p>BADEGI ASESORES, S.L.P. tratar\u00e1 sus datos con las finalidades de administrar correctamente su presencia en la red social, inform\u00e1ndole de actividades, productos o servicios del Prestador, as\u00ed como para cualquier otra finalidad que las normativas de las redes sociales permitan.<\/p>\n<p>Queda prohibida la publicaci\u00f3n de contenidos:<\/p>\n<ul>\n<li>Que sean presuntamente il\u00edcitos seg\u00fan la normativa nacional, comunitaria o internacional o que realicen actividades presuntamente il\u00edcitas o contravengan los principios de la buena fe.<\/li>\n<li>Que atenten contra los derechos fundamentales de las personas, falten a la cortes\u00eda en la red, molesten o puedan generar opiniones negativas en nuestros Usuarios o terceros y en general cualesquiera que sean los contenidos que BADEGI ASESORES, S.L.P. considere inapropiados.<\/li>\n<li>Y, en general, que contravengan los principios de legalidad, honradez, responsabilidad, protecci\u00f3n de la dignidad humana, protecci\u00f3n de menores, protecci\u00f3n del orden p\u00fablico, la protecci\u00f3n de la vida privada, la protecci\u00f3n del consumidor y los derechos de propiedad intelectual e industrial.<\/li>\n<\/ul>\n<p>Asimismo, BADEGI ASESORES, S.L.P. se reserva la potestad de retirar, sin previo aviso del sitio web o de la red social corporativa aquellos contenidos que se consideren inapropiados.<\/p>\n<p>Las comunicaciones remitidas a trav\u00e9s de las redes sociales ser\u00e1n incorporadas a un archivo propiedad de BADEGI ASESORES, S.L.P., pudi\u00e9ndole el Proveedor enviar informaci\u00f3n de su inter\u00e9s.<\/p>\n<p>En todo caso, si Usted remite informaci\u00f3n personal a trav\u00e9s de alguna red social, BADEGI ASESORES, S.L.P. quedar\u00e1 exenta de responsabilidad en relaci\u00f3n con las medidas de seguridad aplicables a la correspondiente plataforma, y el Usuario, en caso de querer conocerlas, deber\u00e1 consultar las correspondientes condiciones particulares de la red en cuesti\u00f3n.<\/p>\n<h3>MEDIDAS DE SEGURIDAD<\/h3>\n<p>Los datos que nos facilite se tratar\u00e1n de forma confidencial. El Prestador ha adoptado todas las medidas t\u00e9cnicas y organizativas y todos los niveles de protecci\u00f3n necesarios para garantizar la seguridad en el tratamiento de los datos y evitar su alteraci\u00f3n, p\u00e9rdida, robo, tratamiento o acceso no autorizado, de acuerdo con el estado de la tecnolog\u00eda y naturaleza de los datos almacenados. Asimismo, se garantiza tambi\u00e9n que el tratamiento y registro en ficheros, programas, sistemas o equipos, locales y centros cumplen con los requisitos y las condiciones de integridad y seguridad establecidas en la normativa vigente.<\/p>\n<h3>IDIOMA<\/h3>\n<p>El idioma aplicable a esta Pol\u00edtica de privacidad es el espa\u00f1ol. Por tanto, en caso de que hubiera alguna contradicci\u00f3n en alguna de las versiones facilitadas en otros idiomas, prevalecer\u00e1 la versi\u00f3n en espa\u00f1ol.<\/p>\n<h3>PUBLICACI\u00d3N DE SU TESTIMONIO<\/h3>\n<p>En el supuesto de que el Usuario quiera publicar su opini\u00f3n en la web, le informamos de que los datos aportados ser\u00e1n tratados para atender las sugerencias propuestas, experiencias u opiniones respecto de los productos y\/o servicios para ser publicadas en la p\u00e1gina web y as\u00ed poder ayudar a otros usuarios. Los datos se conservar\u00e1n mientras haya un inter\u00e9s mutuo para mantener el fin del tratamiento y cuando ya no sea necesario para tal fin, se suprimir\u00e1n con medidas de seguridad adecuadas para garantizar la seudonimizaci\u00f3n de los datos o destrucci\u00f3n total de los mismos. Los testimonios se publicar\u00e1n en nuestra p\u00e1gina web. Los \u00fanicos datos personales que se publicar\u00e1n del testimonio ser\u00e1n su nombre, apellido, cargo y empresa.<\/p>\n<h3>CAMBIOS EN LA PRESENTE POL\u00cdTICA DE PRIVACIDAD<\/h3>\n<p>BADEGI ASESORES, S.L.P. se reserva el derecho a modificar la presente pol\u00edtica para adaptarla a novedades legislativas o jurisprudenciales.<\/p>\n<h3>LEGISLACI\u00d3N<\/h3>\n<p>A todos los efectos, las relaciones entre BADEGI ASESORES, S.L.P. con los Usuarios de sus servicios telem\u00e1ticos, presentes en esta Web, est\u00e1n sometidas a la legislaci\u00f3n y jurisdicci\u00f3n espa\u00f1ola a la que se someten expresamente las partes, y son competentes por la resoluci\u00f3n de todos los conflictos derivados o relacionados con su uso los Juzgados y Tribunales de Donostia &#8211; San Sebasti\u00e1n.<\/p>\n\n","protected":false},"excerpt":{"rendered":"<div class=\"entry-summary\">\n<div class=\"entry-summary\">\nRESPONSABLE DEL TRATAMIENTO Identidad: BADEGI ASESORES, S.L.P. (tambi\u00e9n el Prestador) NIF: B75074617 Direcci\u00f3n postal: ANTONIO M\u00aa LABAIEN, 14 5\u00baD ( 20009 Donostia ) Correo electr\u00f3nico: badegi@badegi.eus BADEGI ASESORES, S.L.P., como responsable del Sitio web, de conformidad con lo que disponen&hellip;\n<\/div>\n<div class=\"link-more\"><a href=\"https:\/\/www.badegi.eus\/es\/politica-privacidad\/\" class=\"more-link\">Continue reading<span class=\"screen-reader-text\"> &ldquo;Pol\u00edtica de privacidad&rdquo;<\/span>&hellip;<\/a><\/div>\n<\/div>\n<div class=\"link-more\"><a href=\"https:\/\/www.badegi.eus\/es\/politica-privacidad\/\" class=\"more-link\">Continue reading<span class=\"screen-reader-text\"> &ldquo;Pol\u00edtica de privacidad&rdquo;<\/span>&hellip;<\/a><\/div>\n","protected":false},"author":1,"featured_media":0,"parent":0,"menu_order":0,"comment_status":"closed","ping_status":"closed","template":"","meta":{"footnotes":""},"class_list":["post-1476","page","type-page","status-publish","hentry","entry"],"acf":[],"_links":{"self":[{"href":"https:\/\/www.badegi.eus\/es\/wp-json\/wp\/v2\/pages\/1476","targetHints":{"allow":["GET"]}}],"collection":[{"href":"https:\/\/www.badegi.eus\/es\/wp-json\/wp\/v2\/pages"}],"about":[{"href":"https:\/\/www.badegi.eus\/es\/wp-json\/wp\/v2\/types\/page"}],"author":[{"embeddable":true,"href":"https:\/\/www.badegi.eus\/es\/wp-json\/wp\/v2\/users\/1"}],"replies":[{"embeddable":true,"href":"https:\/\/www.badegi.eus\/es\/wp-json\/wp\/v2\/comments?post=1476"}],"version-history":[{"count":1,"href":"https:\/\/www.badegi.eus\/es\/wp-json\/wp\/v2\/pages\/1476\/revisions"}],"predecessor-version":[{"id":1582,"href":"https:\/\/www.badegi.eus\/es\/wp-json\/wp\/v2\/pages\/1476\/revisions\/1582"}],"wp:attachment":[{"href":"https:\/\/www.badegi.eus\/es\/wp-json\/wp\/v2\/media?parent=1476"}],"curies":[{"name":"wp","href":"https:\/\/api.w.org\/{rel}","templated":true}]}}