{"id":1482,"date":"2023-11-10T14:43:59","date_gmt":"2023-11-10T13:43:59","guid":{"rendered":"https:\/\/www.badegi.eus\/?page_id=1482"},"modified":"2024-01-26T15:24:06","modified_gmt":"2024-01-26T14:24:06","slug":"politica-cookies","status":"publish","type":"page","link":"https:\/\/www.badegi.eus\/es\/politica-cookies\/","title":{"rendered":"Pol\u00edtica de cookies"},"content":{"rendered":"\n<h2>\n\t\tCOOKIES\n\t<\/h2>\n\t<p>El sitio web del Prestador puede utilizar cookies (peque\u00f1os archivos de informaci\u00f3n que el servidor env\u00eda al ordenador de quien accede en la p\u00e1gina) para llevar a cabo determinadas funciones que son consideradas imprescindibles para el correcto funcionamiento y visualizaci\u00f3n del lugar. Las cookies utilizadas tienen, en todo caso, car\u00e1cter temporal, con la \u00fanica finalidad de hacer m\u00e1s eficaz la navegaci\u00f3n, y desaparecen al acabar la sesi\u00f3n del Usuario.<\/p>\n<p>En ning\u00fan caso se utilizar\u00e1n las cookies para recoger informaci\u00f3n de car\u00e1cter personal. Para m\u00e1s informaci\u00f3n, ver nuestra\u00a0Pol\u00edtica de cookies.<\/p>\nEsta tabla de cookies ha sido creada y actualizada por <a href=\"https:\/\/cookiefirst.com\/es\/cookie-consent\/\">Cookie Consent<\/a>.\n\n","protected":false},"excerpt":{"rendered":"<div class=\"entry-summary\">\n<div class=\"entry-summary\">\nCOOKIES El sitio web del Prestador puede utilizar cookies (peque\u00f1os archivos de informaci\u00f3n que el servidor env\u00eda al ordenador de quien accede en la p\u00e1gina) para llevar a cabo determinadas funciones que son consideradas imprescindibles para el correcto funcionamiento y&hellip;\n<\/div>\n<div class=\"link-more\"><a href=\"https:\/\/www.badegi.eus\/es\/politica-cookies\/\" class=\"more-link\">Continue reading<span class=\"screen-reader-text\"> &ldquo;Pol\u00edtica de cookies&rdquo;<\/span>&hellip;<\/a><\/div>\n<\/div>\n<div class=\"link-more\"><a href=\"https:\/\/www.badegi.eus\/es\/politica-cookies\/\" class=\"more-link\">Continue reading<span class=\"screen-reader-text\"> &ldquo;Pol\u00edtica de cookies&rdquo;<\/span>&hellip;<\/a><\/div>\n","protected":false},"author":1,"featured_media":0,"parent":0,"menu_order":0,"comment_status":"closed","ping_status":"closed","template":"","meta":{"footnotes":""},"class_list":["post-1482","page","type-page","status-publish","hentry","entry"],"acf":[],"_links":{"self":[{"href":"https:\/\/www.badegi.eus\/es\/wp-json\/wp\/v2\/pages\/1482","targetHints":{"allow":["GET"]}}],"collection":[{"href":"https:\/\/www.badegi.eus\/es\/wp-json\/wp\/v2\/pages"}],"about":[{"href":"https:\/\/www.badegi.eus\/es\/wp-json\/wp\/v2\/types\/page"}],"author":[{"embeddable":true,"href":"https:\/\/www.badegi.eus\/es\/wp-json\/wp\/v2\/users\/1"}],"replies":[{"embeddable":true,"href":"https:\/\/www.badegi.eus\/es\/wp-json\/wp\/v2\/comments?post=1482"}],"version-history":[{"count":1,"href":"https:\/\/www.badegi.eus\/es\/wp-json\/wp\/v2\/pages\/1482\/revisions"}],"predecessor-version":[{"id":1597,"href":"https:\/\/www.badegi.eus\/es\/wp-json\/wp\/v2\/pages\/1482\/revisions\/1597"}],"wp:attachment":[{"href":"https:\/\/www.badegi.eus\/es\/wp-json\/wp\/v2\/media?parent=1482"}],"curies":[{"name":"wp","href":"https:\/\/api.w.org\/{rel}","templated":true}]}}